{"id":412,"date":"2024-01-17T12:56:42","date_gmt":"2024-01-17T11:56:42","guid":{"rendered":"https:\/\/lepine.ovh\/?page_id=412"},"modified":"2025-07-22T11:26:20","modified_gmt":"2025-07-22T09:26:20","slug":"gonzague-lepine","status":"publish","type":"page","link":"https:\/\/lepine.ovh\/?page_id=412","title":{"rendered":"Gonzague Lepine"},"content":{"rendered":"\n<div class=\"wp-block-group has-global-padding is-layout-constrained wp-block-group-is-layout-constrained\">\n<h2 class=\"wp-block-heading has-medium-font-size\"><strong><em>COMPETENCES<\/em><\/strong><\/h2>\n\n\n\n<p>Gonzague dispose d\u2019une grande expertise technique et d\u2019une solide exp\u00e9rience de plus de 25 ans dans l\u2019audit financier aupr\u00e8s de nombreuses soci\u00e9t\u00e9s actives dans divers domaines (public comme priv\u00e9, secteur non-marchand, soci\u00e9t\u00e9s commerciales et industrielles, \u2026).<\/p>\n\n\n\n<h2 class=\"wp-block-heading has-medium-font-size\"><strong><em>EXPERIENCE<\/em><\/strong><\/h2>\n\n\n\n<ul class=\"wp-block-list\">\n<li>LEPINE.be (2024)<\/li>\n\n\n\n<li>Callens, Vandelanotte &amp; Theunissen (2017-2024)<\/li>\n\n\n\n<li>CDP De Wulf &amp; C\u00b0 (2013-2017)<\/li>\n\n\n\n<li>HLB Dod\u00e9mont Van Impe &amp; C\u00b0 (2008-2013)<\/li>\n\n\n\n<li>BDO Belgium (2007-2008)<\/li>\n\n\n\n<li>Constantin R\u00e9viseurs d\u2019Entreprises (2004-2007)<\/li>\n\n\n\n<li>Hermant Dod\u00e9mont &amp; C\u00b0 (1999-2004)<\/li>\n<\/ul>\n\n\n\n<h2 class=\"wp-block-heading has-medium-font-size\"><strong><em>QUALIFICATIONS PROFESSIONNELLES<\/em><\/strong><\/h2>\n\n\n\n<p>Master en Sciences de gestion, orientation r\u00e9visorat et expertise comptable &#8211; Louvain&nbsp;School&nbsp;of Management (LSM)&nbsp;Mons<\/p>\n\n\n\n<p>Bachelier en comptabilit\u00e9 (Graduat)&nbsp;<\/p>\n\n\n\n<p>Exp\u00e9rience de 25 ans dans l\u2019audit financier<\/p>\n\n\n\n<p>R\u00e9viseur d\u2019entreprises depuis 2007<\/p>\n\n\n\n<h2 class=\"wp-block-heading has-medium-font-size\"><strong><em>R\u00c9F\u00c9RENCES CLIENTS<\/em><\/strong><\/h2>\n\n\n\n<ul class=\"wp-block-list\">\n<li>Fonds de la Recherche Scientifique &#8211;&nbsp;FNRS<\/li>\n\n\n\n<li>Op\u00e9rateur de Transport de Wallonie (Le TEC)<\/li>\n\n\n\n<li>Agence wallonne pour une vie de qualit\u00e9 (AViQ)<\/li>\n\n\n\n<li>Fonds du logement des familles nombreuses de Wallonie<\/li>\n\n\n\n<li>Mutualiste&nbsp;: Croix Jaune et Blanche, Aide &amp; Soins \u00e0 Domicile et Qualias<\/li>\n\n\n\n<li>Entreprises de Travail Adapt\u00e9 (ETA)&nbsp;<\/li>\n\n\n\n<li>Maison de repos et de soins<\/li>\n\n\n\n<li>Haute \u00e9coles et Ecoles<\/li>\n\n\n\n<li>Centres de formation d\u2019insertion socio-professionnelle<\/li>\n\n\n\n<li>Concessions automobiles<\/li>\n\n\n\n<li>Grossiste\/d\u00e9taillant en produits p\u00e9troliers<\/li>\n\n\n\n<li>ONG&nbsp;<\/li>\n<\/ul>\n<\/div>\n","protected":false},"excerpt":{"rendered":"<p>COMPETENCES Gonzague dispose d\u2019une grande expertise technique et d\u2019une solide exp\u00e9rience de plus de 25 ans dans l\u2019audit financier aupr\u00e8s de nombreuses soci\u00e9t\u00e9s actives dans divers domaines (public comme priv\u00e9, secteur non-marchand, soci\u00e9t\u00e9s commerciales et industrielles, \u2026). EXPERIENCE QUALIFICATIONS PROFESSIONNELLES Master en Sciences de gestion, orientation r\u00e9visorat et expertise comptable &#8211; Louvain&nbsp;School&nbsp;of Management (LSM)&nbsp;Mons Bachelier [&hellip;]<\/p>\n","protected":false},"author":1,"featured_media":0,"parent":0,"menu_order":0,"comment_status":"closed","ping_status":"closed","template":"","meta":{"footnotes":""},"class_list":["post-412","page","type-page","status-publish","hentry"],"_links":{"self":[{"href":"https:\/\/lepine.ovh\/index.php?rest_route=\/wp\/v2\/pages\/412","targetHints":{"allow":["GET"]}}],"collection":[{"href":"https:\/\/lepine.ovh\/index.php?rest_route=\/wp\/v2\/pages"}],"about":[{"href":"https:\/\/lepine.ovh\/index.php?rest_route=\/wp\/v2\/types\/page"}],"author":[{"embeddable":true,"href":"https:\/\/lepine.ovh\/index.php?rest_route=\/wp\/v2\/users\/1"}],"replies":[{"embeddable":true,"href":"https:\/\/lepine.ovh\/index.php?rest_route=%2Fwp%2Fv2%2Fcomments&post=412"}],"version-history":[{"count":3,"href":"https:\/\/lepine.ovh\/index.php?rest_route=\/wp\/v2\/pages\/412\/revisions"}],"predecessor-version":[{"id":456,"href":"https:\/\/lepine.ovh\/index.php?rest_route=\/wp\/v2\/pages\/412\/revisions\/456"}],"wp:attachment":[{"href":"https:\/\/lepine.ovh\/index.php?rest_route=%2Fwp%2Fv2%2Fmedia&parent=412"}],"curies":[{"name":"wp","href":"https:\/\/api.w.org\/{rel}","templated":true}]}}